{"id":642,"date":"2023-06-06T11:23:06","date_gmt":"2023-06-06T15:23:06","guid":{"rendered":"https:\/\/postesmayan.com\/colonnes-declairage-en-metal-malaga\/"},"modified":"2023-06-15T13:42:02","modified_gmt":"2023-06-15T17:42:02","slug":"colonnes-declairage-en-metal-malaga","status":"publish","type":"page","link":"https:\/\/postesmayan.com\/fr\/colonnes-declairage-en-metal-malaga\/","title":{"rendered":"Colonnes d&rsquo;\u00e9clairage en m\u00e9tal Malaga"},"content":{"rendered":"\t\t<div data-elementor-type=\"wp-page\" data-elementor-id=\"642\" class=\"elementor elementor-642 elementor-591\" data-elementor-post-type=\"page\">\n\t\t\t\t\t\t<section class=\"elementor-section elementor-top-section elementor-element elementor-element-ba4688b elementor-section-full_width elementor-section-height-default elementor-section-height-default\" data-id=\"ba4688b\" data-element_type=\"section\" data-settings=\"{&quot;background_background&quot;:&quot;classic&quot;}\">\n\t\t\t\t\t\t<div class=\"elementor-container elementor-column-gap-default\">\n\t\t\t\t\t<div class=\"elementor-column elementor-col-100 elementor-top-column elementor-element elementor-element-ee55d41\" data-id=\"ee55d41\" data-element_type=\"column\">\n\t\t\t<div class=\"elementor-widget-wrap elementor-element-populated\">\n\t\t\t\t\t\t<div class=\"elementor-element elementor-element-e521b90 elementor-widget elementor-widget-spacer\" data-id=\"e521b90\" data-element_type=\"widget\" data-widget_type=\"spacer.default\">\n\t\t\t\t<div class=\"elementor-widget-container\">\n\t\t\t\t\t\t\t<div class=\"elementor-spacer\">\n\t\t\t<div class=\"elementor-spacer-inner\"><\/div>\n\t\t<\/div>\n\t\t\t\t\t\t<\/div>\n\t\t\t\t<\/div>\n\t\t\t\t\t<\/div>\n\t\t<\/div>\n\t\t\t\t\t<\/div>\n\t\t<\/section>\n\t\t\t\t<section class=\"elementor-section elementor-top-section elementor-element elementor-element-11b711f elementor-section-content-middle elementor-section-boxed elementor-section-height-default elementor-section-height-default\" data-id=\"11b711f\" data-element_type=\"section\">\n\t\t\t\t\t\t<div class=\"elementor-container elementor-column-gap-default\">\n\t\t\t\t\t<div class=\"elementor-column elementor-col-50 elementor-top-column elementor-element elementor-element-5ebd2d8\" data-id=\"5ebd2d8\" data-element_type=\"column\">\n\t\t\t<div class=\"elementor-widget-wrap elementor-element-populated\">\n\t\t\t\t\t\t<div class=\"elementor-element elementor-element-a93cc73 elementor-widget elementor-widget-image-carousel\" data-id=\"a93cc73\" data-element_type=\"widget\" data-settings=\"{&quot;slides_to_show&quot;:&quot;1&quot;,&quot;navigation&quot;:&quot;none&quot;,&quot;autoplay&quot;:&quot;yes&quot;,&quot;pause_on_hover&quot;:&quot;yes&quot;,&quot;pause_on_interaction&quot;:&quot;yes&quot;,&quot;autoplay_speed&quot;:5000,&quot;infinite&quot;:&quot;yes&quot;,&quot;effect&quot;:&quot;slide&quot;,&quot;speed&quot;:500}\" data-widget_type=\"image-carousel.default\">\n\t\t\t\t<div class=\"elementor-widget-container\">\n\t\t\t\t\t\t\t<div class=\"elementor-image-carousel-wrapper swiper\" role=\"region\" aria-roledescription=\"carousel\" aria-label=\"Carrousel d\u2019images\" dir=\"ltr\">\n\t\t\t<div class=\"elementor-image-carousel swiper-wrapper\" aria-live=\"off\">\n\t\t\t\t\t\t\t\t<div class=\"swiper-slide\" role=\"group\" aria-roledescription=\"slide\" aria-label=\"1 sur 1\"><figure class=\"swiper-slide-inner\"><img decoding=\"async\" class=\"swiper-slide-image\" src=\"https:\/\/postesmayan.com\/wp-content\/uploads\/2023\/06\/columna-alumbrado-malaga.jpg\" alt=\"columna-alumbrado-malaga\" \/><\/figure><\/div>\t\t\t<\/div>\n\t\t\t\t\t<\/div>\n\t\t\t\t\t\t<\/div>\n\t\t\t\t<\/div>\n\t\t\t\t\t<\/div>\n\t\t<\/div>\n\t\t\t\t<div class=\"elementor-column elementor-col-50 elementor-top-column elementor-element elementor-element-f6da216 elementor-invisible\" data-id=\"f6da216\" data-element_type=\"column\" data-settings=\"{&quot;animation&quot;:&quot;fadeInLeft&quot;}\">\n\t\t\t<div class=\"elementor-widget-wrap elementor-element-populated\">\n\t\t\t\t\t\t<div class=\"elementor-element elementor-element-dcaada7 elementor-widget elementor-widget-heading\" data-id=\"dcaada7\" data-element_type=\"widget\" data-widget_type=\"heading.default\">\n\t\t\t\t<div class=\"elementor-widget-container\">\n\t\t\t\t\t<h2 class=\"elementor-heading-title elementor-size-default\">Colonnes pour\n\u00e9clairage<\/h2>\t\t\t\t<\/div>\n\t\t\t\t<\/div>\n\t\t\t\t<div class=\"elementor-element elementor-element-12204c7 elementor-widget elementor-widget-heading\" data-id=\"12204c7\" data-element_type=\"widget\" data-widget_type=\"heading.default\">\n\t\t\t\t<div class=\"elementor-widget-container\">\n\t\t\t\t\t<h3 class=\"elementor-heading-title elementor-size-default\">Colonne t\u00e9lescopique. Mod\u00e8le Maya<\/h3>\t\t\t\t<\/div>\n\t\t\t\t<\/div>\n\t\t\t\t<div class=\"elementor-element elementor-element-f29b527 elementor-widget elementor-widget-text-editor\" data-id=\"f29b527\" data-element_type=\"widget\" data-widget_type=\"text-editor.default\">\n\t\t\t\t<div class=\"elementor-widget-container\">\n\t\t\t\t\t\t\t\t\t<p>Colonne t\u00e9lescopique constitu\u00e9e de deux pi\u00e8ces en acier au carbone (qualit\u00e9 S235JR), reli\u00e9es entre elles par une r\u00e9duction en acier. La partie inf\u00e9rieure est fix\u00e9e \u00e0 une plaque d&rsquo;acier perc\u00e9e de quatre trous.<\/p>\n<p><span style=\"text-decoration: underline;\"><strong>LA COLONNE EST CON\u00c7UE POUR SUPPORTER UN LUMINAIRE \u00c0 GLOBE OU SIMILAIRE.<\/strong><\/span><\/p>\n<p><strong>Soutien de la colonne vert\u00e9brale :<\/strong><\/p>\n<ul>\n<li>4 boulons M-12, 248 mm de long, qualit\u00e9 DIN 975.<\/li>\n<li>8 \u00e9crous M-12, qualit\u00e9 DIN 934.<\/li>\n<li>8 rondelles M-12, qualit\u00e9 DIN 7989ST.<\/li>\n<li><span style=\"font-weight: 400;\">Porte d&rsquo;acc\u00e8s avec une plaque pour la fixation des bo\u00eetes de jonction.<\/span><\/li>\n<\/ul>\n<p><strong>Protection :<\/strong><\/p>\n<p>Pour \u00e9viter la corrosion, il est galvanis\u00e9 \u00e0 chaud selon la norme UNE-EN1461, conform\u00e9ment aux sp\u00e9cifications techniques, avec un rev\u00eatement moyen de 55 microns.<\/p>\n<p><strong>Soudage :<\/strong><\/p>\n<p>Toutes les parties de la colonne sont soud\u00e9es selon la norme UNE-EN ISO 15614-1:20118 (Proc\u00e9dure-Acier).<\/p>\n<p><strong>*Tout ce qui est d\u00e9crit est galvanis\u00e9 \u00e0 chaud.<\/strong><\/p>\n\t\t\t\t\t\t\t\t<\/div>\n\t\t\t\t<\/div>\n\t\t\t\t\t<\/div>\n\t\t<\/div>\n\t\t\t\t\t<\/div>\n\t\t<\/section>\n\t\t\t\t<section class=\"elementor-section elementor-top-section elementor-element elementor-element-1cdd5e5 elementor-section-boxed elementor-section-height-default elementor-section-height-default\" data-id=\"1cdd5e5\" data-element_type=\"section\" data-settings=\"{&quot;background_background&quot;:&quot;classic&quot;}\">\n\t\t\t\t\t\t\t<div class=\"elementor-background-overlay\"><\/div>\n\t\t\t\t\t\t\t<div class=\"elementor-container elementor-column-gap-default\">\n\t\t\t\t\t<div class=\"elementor-column elementor-col-100 elementor-top-column elementor-element elementor-element-8316f5d\" data-id=\"8316f5d\" data-element_type=\"column\">\n\t\t\t<div class=\"elementor-widget-wrap elementor-element-populated\">\n\t\t\t\t\t\t<section class=\"elementor-section elementor-inner-section elementor-element elementor-element-a15ed8b elementor-section-content-middle elementor-section-boxed elementor-section-height-default elementor-section-height-default\" data-id=\"a15ed8b\" data-element_type=\"section\">\n\t\t\t\t\t\t<div class=\"elementor-container elementor-column-gap-default\">\n\t\t\t\t\t<div class=\"elementor-column elementor-col-50 elementor-inner-column elementor-element elementor-element-9a4d81c elementor-invisible\" data-id=\"9a4d81c\" data-element_type=\"column\" data-settings=\"{&quot;background_background&quot;:&quot;classic&quot;,&quot;animation&quot;:&quot;fadeInLeft&quot;}\">\n\t\t\t<div class=\"elementor-widget-wrap elementor-element-populated\">\n\t\t\t\t\t\t<div class=\"elementor-element elementor-element-c62d91f elementor-widget elementor-widget-heading\" data-id=\"c62d91f\" data-element_type=\"widget\" data-widget_type=\"heading.default\">\n\t\t\t\t<div class=\"elementor-widget-container\">\n\t\t\t\t\t<div class=\"elementor-heading-title elementor-size-default\">Parler aux ventes<\/div>\t\t\t\t<\/div>\n\t\t\t\t<\/div>\n\t\t\t\t<div class=\"elementor-element elementor-element-f034c75 elementor-widget-divider--view-line elementor-widget elementor-widget-divider\" data-id=\"f034c75\" data-element_type=\"widget\" data-widget_type=\"divider.default\">\n\t\t\t\t<div class=\"elementor-widget-container\">\n\t\t\t\t\t\t\t<div class=\"elementor-divider\">\n\t\t\t<span class=\"elementor-divider-separator\">\n\t\t\t\t\t\t<\/span>\n\t\t<\/div>\n\t\t\t\t\t\t<\/div>\n\t\t\t\t<\/div>\n\t\t\t\t<div class=\"elementor-element elementor-element-e38fdda elementor-widget elementor-widget-text-editor\" data-id=\"e38fdda\" data-element_type=\"widget\" data-widget_type=\"text-editor.default\">\n\t\t\t\t<div class=\"elementor-widget-container\">\n\t\t\t\t\t\t\t\t\t<p>Pol. Ind. La Rosa, Calle R\u00edo Fahala Parc. 35 29120. Alhaur\u00edn El Grande (M\u00e1laga) Espa\u00f1a.<\/p>\n\t\t\t\t\t\t\t\t<\/div>\n\t\t\t\t<\/div>\n\t\t\t\t<div class=\"elementor-element elementor-element-3338844 elementor-widget elementor-widget-heading\" data-id=\"3338844\" data-element_type=\"widget\" data-widget_type=\"heading.default\">\n\t\t\t\t<div class=\"elementor-widget-container\">\n\t\t\t\t\t<h4 class=\"elementor-heading-title elementor-size-default\"><a href=\"mailto:info@mayansl.com\">info@mayansl.com<\/a><\/h4>\t\t\t\t<\/div>\n\t\t\t\t<\/div>\n\t\t\t\t<div class=\"elementor-element elementor-element-52da890 elementor-widget elementor-widget-heading\" data-id=\"52da890\" data-element_type=\"widget\" data-widget_type=\"heading.default\">\n\t\t\t\t<div class=\"elementor-widget-container\">\n\t\t\t\t\t<h4 class=\"elementor-heading-title elementor-size-default\"><a href=\"tel:+34%20952%2059%2041%2029\">+34 952 59 41 29<\/a><\/h4>\t\t\t\t<\/div>\n\t\t\t\t<\/div>\n\t\t\t\t<div class=\"elementor-element elementor-element-d8372b7 elementor-widget elementor-widget-text-editor\" data-id=\"d8372b7\" data-element_type=\"widget\" data-widget_type=\"text-editor.default\">\n\t\t\t\t<div class=\"elementor-widget-container\">\n\t\t\t\t\t\t\t\t\t<p><span style=\"font-weight: 400;\">Calendrier: <\/span><span style=\"font-weight: 400;\">Du lundi au vendredi de 8h \u00e0 14h et de 16h \u00e0 19h.<\/span><\/p>\n\t\t\t\t\t\t\t\t<\/div>\n\t\t\t\t<\/div>\n\t\t\t\t\t<\/div>\n\t\t<\/div>\n\t\t\t\t<div class=\"elementor-column elementor-col-50 elementor-inner-column elementor-element elementor-element-62cda1d elementor-invisible\" data-id=\"62cda1d\" data-element_type=\"column\" data-settings=\"{&quot;background_background&quot;:&quot;classic&quot;,&quot;animation&quot;:&quot;fadeInRight&quot;}\">\n\t\t\t<div class=\"elementor-widget-wrap elementor-element-populated\">\n\t\t\t\t\t\t<div class=\"elementor-element elementor-element-98aa424 elementor-widget elementor-widget-heading\" data-id=\"98aa424\" data-element_type=\"widget\" data-widget_type=\"heading.default\">\n\t\t\t\t<div class=\"elementor-widget-container\">\n\t\t\t\t\t<div class=\"elementor-heading-title elementor-size-default\">RFQ<\/div>\t\t\t\t<\/div>\n\t\t\t\t<\/div>\n\t\t\t\t<div class=\"elementor-element elementor-element-0c8f25e elementor-widget elementor-widget-shortcode\" data-id=\"0c8f25e\" data-element_type=\"widget\" data-widget_type=\"shortcode.default\">\n\t\t\t\t<div class=\"elementor-widget-container\">\n\t\t\t\t\t\t\t<div class=\"elementor-shortcode\">\n<div class=\"wpcf7 no-js\" id=\"wpcf7-f533-o1\" lang=\"fr-FR\" dir=\"ltr\" data-wpcf7-id=\"533\">\n<div class=\"screen-reader-response\"><p role=\"status\" aria-live=\"polite\" aria-atomic=\"true\"><\/p> <ul><\/ul><\/div>\n<form action=\"\/fr\/wp-json\/wp\/v2\/pages\/642#wpcf7-f533-o1\" method=\"post\" class=\"wpcf7-form init\" aria-label=\"Formulaire de contact\" novalidate=\"novalidate\" data-status=\"init\">\n<fieldset class=\"hidden-fields-container\"><input type=\"hidden\" name=\"_wpcf7\" value=\"533\" \/><input type=\"hidden\" name=\"_wpcf7_version\" value=\"6.1.5\" \/><input type=\"hidden\" name=\"_wpcf7_locale\" value=\"fr_FR\" \/><input type=\"hidden\" name=\"_wpcf7_unit_tag\" value=\"wpcf7-f533-o1\" \/><input type=\"hidden\" name=\"_wpcf7_container_post\" value=\"0\" \/><input type=\"hidden\" name=\"_wpcf7_posted_data_hash\" value=\"\" \/>\n<\/fieldset>\n<div class=\"flex_\">\n<label> Nom\n    <span class=\"wpcf7-form-control-wrap\" data-name=\"your-name\"><input size=\"40\" maxlength=\"400\" class=\"wpcf7-form-control wpcf7-text wpcf7-validates-as-required\" autocomplete=\"name\" aria-required=\"true\" aria-invalid=\"false\" placeholder=\"Nom\" value=\"\" type=\"text\" name=\"your-name\" \/><\/span> <\/label>\n<label> Entreprise\n    <span class=\"wpcf7-form-control-wrap\" data-name=\"your-empresa\"><input size=\"40\" maxlength=\"400\" class=\"wpcf7-form-control wpcf7-text wpcf7-validates-as-required\" autocomplete=\"name\" aria-required=\"true\" aria-invalid=\"false\" placeholder=\"Entreprise\" value=\"\" type=\"text\" name=\"your-empresa\" \/><\/span> <\/label>\n<\/div>\n<div class=\"flex_\">\n<label> T\u00e9l\u00e9phone\n    <span class=\"wpcf7-form-control-wrap\" data-name=\"your-phone\"><input size=\"40\" maxlength=\"9\" class=\"wpcf7-form-control wpcf7-tel wpcf7-validates-as-required wpcf7-text wpcf7-validates-as-tel\" autocomplete=\"name\" aria-required=\"true\" aria-invalid=\"false\" placeholder=\"T\u00e9l\u00e9phone\" value=\"\" type=\"tel\" name=\"your-phone\" \/><\/span> <\/label>\n<label> E-mail\n    <span class=\"wpcf7-form-control-wrap\" data-name=\"your-email\"><input size=\"40\" maxlength=\"400\" class=\"wpcf7-form-control wpcf7-email wpcf7-validates-as-required wpcf7-text wpcf7-validates-as-email\" autocomplete=\"email\" aria-required=\"true\" aria-invalid=\"false\" placeholder=\"E-mail\" value=\"\" type=\"email\" name=\"your-email\" \/><\/span> <\/label>\n<\/div>\n<label> Message\n    <span class=\"wpcf7-form-control-wrap\" data-name=\"your-message\"><textarea cols=\"40\" rows=\"10\" maxlength=\"2000\" class=\"wpcf7-form-control wpcf7-textarea\" aria-invalid=\"false\" placeholder=\"Message\" name=\"your-message\"><\/textarea><\/span> <\/label>\n\n<span class=\"wpcf7-form-control-wrap\" data-name=\"acceptance-927\"><span class=\"wpcf7-form-control wpcf7-acceptance optional\"><span class=\"wpcf7-list-item\"><label><input type=\"checkbox\" name=\"acceptance-927\" value=\"1\" aria-invalid=\"false\" \/><span class=\"wpcf7-list-item-label\">J'ai lu et accepte le <a href=\"#\" target=\"_blank\">Politique de confidentialit\u00e9<\/a><\/span><\/label><\/span><\/span><\/span>\n\n<input class=\"wpcf7-form-control wpcf7-submit has-spinner\" type=\"submit\" value=\"Envoyer\" \/><div class=\"wpcf7-response-output\" aria-hidden=\"true\"><\/div>\n<\/form>\n<\/div>\n<\/div>\n\t\t\t\t\t\t<\/div>\n\t\t\t\t<\/div>\n\t\t\t\t\t<\/div>\n\t\t<\/div>\n\t\t\t\t\t<\/div>\n\t\t<\/section>\n\t\t\t\t\t<\/div>\n\t\t<\/div>\n\t\t\t\t\t<\/div>\n\t\t<\/section>\n\t\t\t\t<\/div>\n\t\t","protected":false},"excerpt":{"rendered":"<p>Colonnes pour \u00e9clairage Colonne t\u00e9lescopique. Mod\u00e8le Maya Colonne t\u00e9lescopique constitu\u00e9e de deux pi\u00e8ces en acier au carbone (qualit\u00e9 S235JR), reli\u00e9es entre elles par une r\u00e9duction en acier. La partie inf\u00e9rieure est fix\u00e9e \u00e0 une plaque d&rsquo;acier perc\u00e9e de quatre trous. LA COLONNE EST CON\u00c7UE POUR SUPPORTER UN LUMINAIRE \u00c0 GLOBE OU SIMILAIRE. Soutien de la &#8230; <a title=\"Colonnes d&rsquo;\u00e9clairage en m\u00e9tal Malaga\" class=\"read-more\" href=\"https:\/\/postesmayan.com\/fr\/colonnes-declairage-en-metal-malaga\/\" aria-label=\"En savoir plus sur Colonnes d&rsquo;\u00e9clairage en m\u00e9tal Malaga\">Lire la suite<\/a><\/p>\n","protected":false},"author":1,"featured_media":0,"parent":0,"menu_order":0,"comment_status":"closed","ping_status":"closed","template":"elementor_header_footer","meta":{"footnotes":""},"class_list":["post-642","page","type-page","status-publish"],"yoast_head":"<!-- This site is optimized with the Yoast SEO plugin v27.5 - https:\/\/yoast.com\/product\/yoast-seo-wordpress\/ -->\n<title>\u25b7 Fabricants de Colonnes d&#039;Eclairage | MAYAN \u00ae<\/title>\n<meta name=\"description\" content=\"Fabricants de colonnes d&#039;\u00e9clairage \u2713 Plus de 25 ans d&#039;exp\u00e9rience \u2713 Qualit\u00e9 certifi\u00e9e.\" \/>\n<meta name=\"robots\" content=\"index, follow, max-snippet:-1, max-image-preview:large, max-video-preview:-1\" \/>\n<link rel=\"canonical\" href=\"https:\/\/postesmayan.com\/fr\/colonnes-declairage-en-metal-malaga\/\" \/>\n<meta property=\"og:locale\" content=\"fr_FR\" \/>\n<meta property=\"og:type\" content=\"article\" \/>\n<meta property=\"og:title\" content=\"\u25b7 Fabricants de Colonnes d&#039;Eclairage | MAYAN \u00ae\" \/>\n<meta property=\"og:description\" content=\"Fabricants de colonnes d&#039;\u00e9clairage \u2713 Plus de 25 ans d&#039;exp\u00e9rience \u2713 Qualit\u00e9 certifi\u00e9e.\" \/>\n<meta property=\"og:url\" content=\"https:\/\/postesmayan.com\/fr\/colonnes-declairage-en-metal-malaga\/\" \/>\n<meta property=\"og:site_name\" content=\"Postes Mayan\" \/>\n<meta property=\"article:modified_time\" content=\"2023-06-15T17:42:02+00:00\" \/>\n<meta property=\"og:image\" content=\"http:\/\/postesmayan.com\/wp-content\/uploads\/2023\/06\/columna-alumbrado-malaga.jpg\" \/>\n<meta name=\"twitter:card\" content=\"summary_large_image\" \/>\n<meta name=\"twitter:label1\" content=\"Dur\u00e9e de lecture estim\u00e9e\" \/>\n\t<meta name=\"twitter:data1\" content=\"2 minutes\" \/>\n<script type=\"application\/ld+json\" class=\"yoast-schema-graph\">{\"@context\":\"https:\\\/\\\/schema.org\",\"@graph\":[{\"@type\":\"WebPage\",\"@id\":\"https:\\\/\\\/postesmayan.com\\\/fr\\\/colonnes-declairage-en-metal-malaga\\\/\",\"url\":\"https:\\\/\\\/postesmayan.com\\\/fr\\\/colonnes-declairage-en-metal-malaga\\\/\",\"name\":\"\u25b7 Fabricants de Colonnes d'Eclairage | MAYAN \u00ae\",\"isPartOf\":{\"@id\":\"https:\\\/\\\/postesmayan.com\\\/fr\\\/#website\"},\"primaryImageOfPage\":{\"@id\":\"https:\\\/\\\/postesmayan.com\\\/fr\\\/colonnes-declairage-en-metal-malaga\\\/#primaryimage\"},\"image\":{\"@id\":\"https:\\\/\\\/postesmayan.com\\\/fr\\\/colonnes-declairage-en-metal-malaga\\\/#primaryimage\"},\"thumbnailUrl\":\"http:\\\/\\\/postesmayan.com\\\/wp-content\\\/uploads\\\/2023\\\/06\\\/columna-alumbrado-malaga.jpg\",\"datePublished\":\"2023-06-06T15:23:06+00:00\",\"dateModified\":\"2023-06-15T17:42:02+00:00\",\"description\":\"Fabricants de colonnes d'\u00e9clairage \u2713 Plus de 25 ans d'exp\u00e9rience \u2713 Qualit\u00e9 certifi\u00e9e.\",\"breadcrumb\":{\"@id\":\"https:\\\/\\\/postesmayan.com\\\/fr\\\/colonnes-declairage-en-metal-malaga\\\/#breadcrumb\"},\"inLanguage\":\"fr-FR\",\"potentialAction\":[{\"@type\":\"ReadAction\",\"target\":[\"https:\\\/\\\/postesmayan.com\\\/fr\\\/colonnes-declairage-en-metal-malaga\\\/\"]}]},{\"@type\":\"ImageObject\",\"inLanguage\":\"fr-FR\",\"@id\":\"https:\\\/\\\/postesmayan.com\\\/fr\\\/colonnes-declairage-en-metal-malaga\\\/#primaryimage\",\"url\":\"http:\\\/\\\/postesmayan.com\\\/wp-content\\\/uploads\\\/2023\\\/06\\\/columna-alumbrado-malaga.jpg\",\"contentUrl\":\"http:\\\/\\\/postesmayan.com\\\/wp-content\\\/uploads\\\/2023\\\/06\\\/columna-alumbrado-malaga.jpg\"},{\"@type\":\"BreadcrumbList\",\"@id\":\"https:\\\/\\\/postesmayan.com\\\/fr\\\/colonnes-declairage-en-metal-malaga\\\/#breadcrumb\",\"itemListElement\":[{\"@type\":\"ListItem\",\"position\":1,\"name\":\"Portada\",\"item\":\"https:\\\/\\\/postesmayan.com\\\/fr\\\/\"},{\"@type\":\"ListItem\",\"position\":2,\"name\":\"Colonnes d&rsquo;\u00e9clairage en m\u00e9tal Malaga\"}]},{\"@type\":\"WebSite\",\"@id\":\"https:\\\/\\\/postesmayan.com\\\/fr\\\/#website\",\"url\":\"https:\\\/\\\/postesmayan.com\\\/fr\\\/\",\"name\":\"Postes Mayan\",\"description\":\"\",\"publisher\":{\"@id\":\"https:\\\/\\\/postesmayan.com\\\/fr\\\/#organization\"},\"potentialAction\":[{\"@type\":\"SearchAction\",\"target\":{\"@type\":\"EntryPoint\",\"urlTemplate\":\"https:\\\/\\\/postesmayan.com\\\/fr\\\/?s={search_term_string}\"},\"query-input\":{\"@type\":\"PropertyValueSpecification\",\"valueRequired\":true,\"valueName\":\"search_term_string\"}}],\"inLanguage\":\"fr-FR\"},{\"@type\":\"Organization\",\"@id\":\"https:\\\/\\\/postesmayan.com\\\/fr\\\/#organization\",\"name\":\"Postes Mayan\",\"url\":\"https:\\\/\\\/postesmayan.com\\\/fr\\\/\",\"logo\":{\"@type\":\"ImageObject\",\"inLanguage\":\"fr-FR\",\"@id\":\"https:\\\/\\\/postesmayan.com\\\/fr\\\/#\\\/schema\\\/logo\\\/image\\\/\",\"url\":\"http:\\\/\\\/postesmayan.com\\\/wp-content\\\/uploads\\\/2023\\\/01\\\/logo-mayan.png\",\"contentUrl\":\"http:\\\/\\\/postesmayan.com\\\/wp-content\\\/uploads\\\/2023\\\/01\\\/logo-mayan.png\",\"width\":1497,\"height\":470,\"caption\":\"Postes Mayan\"},\"image\":{\"@id\":\"https:\\\/\\\/postesmayan.com\\\/fr\\\/#\\\/schema\\\/logo\\\/image\\\/\"}}]}<\/script>\n<!-- \/ Yoast SEO plugin. -->","yoast_head_json":{"title":"\u25b7 Fabricants de Colonnes d'Eclairage | MAYAN \u00ae","description":"Fabricants de colonnes d'\u00e9clairage \u2713 Plus de 25 ans d'exp\u00e9rience \u2713 Qualit\u00e9 certifi\u00e9e.","robots":{"index":"index","follow":"follow","max-snippet":"max-snippet:-1","max-image-preview":"max-image-preview:large","max-video-preview":"max-video-preview:-1"},"canonical":"https:\/\/postesmayan.com\/fr\/colonnes-declairage-en-metal-malaga\/","og_locale":"fr_FR","og_type":"article","og_title":"\u25b7 Fabricants de Colonnes d'Eclairage | MAYAN \u00ae","og_description":"Fabricants de colonnes d'\u00e9clairage \u2713 Plus de 25 ans d'exp\u00e9rience \u2713 Qualit\u00e9 certifi\u00e9e.","og_url":"https:\/\/postesmayan.com\/fr\/colonnes-declairage-en-metal-malaga\/","og_site_name":"Postes Mayan","article_modified_time":"2023-06-15T17:42:02+00:00","og_image":[{"url":"http:\/\/postesmayan.com\/wp-content\/uploads\/2023\/06\/columna-alumbrado-malaga.jpg","type":"","width":"","height":""}],"twitter_card":"summary_large_image","twitter_misc":{"Dur\u00e9e de lecture estim\u00e9e":"2 minutes"},"schema":{"@context":"https:\/\/schema.org","@graph":[{"@type":"WebPage","@id":"https:\/\/postesmayan.com\/fr\/colonnes-declairage-en-metal-malaga\/","url":"https:\/\/postesmayan.com\/fr\/colonnes-declairage-en-metal-malaga\/","name":"\u25b7 Fabricants de Colonnes d'Eclairage | MAYAN \u00ae","isPartOf":{"@id":"https:\/\/postesmayan.com\/fr\/#website"},"primaryImageOfPage":{"@id":"https:\/\/postesmayan.com\/fr\/colonnes-declairage-en-metal-malaga\/#primaryimage"},"image":{"@id":"https:\/\/postesmayan.com\/fr\/colonnes-declairage-en-metal-malaga\/#primaryimage"},"thumbnailUrl":"http:\/\/postesmayan.com\/wp-content\/uploads\/2023\/06\/columna-alumbrado-malaga.jpg","datePublished":"2023-06-06T15:23:06+00:00","dateModified":"2023-06-15T17:42:02+00:00","description":"Fabricants de colonnes d'\u00e9clairage \u2713 Plus de 25 ans d'exp\u00e9rience \u2713 Qualit\u00e9 certifi\u00e9e.","breadcrumb":{"@id":"https:\/\/postesmayan.com\/fr\/colonnes-declairage-en-metal-malaga\/#breadcrumb"},"inLanguage":"fr-FR","potentialAction":[{"@type":"ReadAction","target":["https:\/\/postesmayan.com\/fr\/colonnes-declairage-en-metal-malaga\/"]}]},{"@type":"ImageObject","inLanguage":"fr-FR","@id":"https:\/\/postesmayan.com\/fr\/colonnes-declairage-en-metal-malaga\/#primaryimage","url":"http:\/\/postesmayan.com\/wp-content\/uploads\/2023\/06\/columna-alumbrado-malaga.jpg","contentUrl":"http:\/\/postesmayan.com\/wp-content\/uploads\/2023\/06\/columna-alumbrado-malaga.jpg"},{"@type":"BreadcrumbList","@id":"https:\/\/postesmayan.com\/fr\/colonnes-declairage-en-metal-malaga\/#breadcrumb","itemListElement":[{"@type":"ListItem","position":1,"name":"Portada","item":"https:\/\/postesmayan.com\/fr\/"},{"@type":"ListItem","position":2,"name":"Colonnes d&rsquo;\u00e9clairage en m\u00e9tal Malaga"}]},{"@type":"WebSite","@id":"https:\/\/postesmayan.com\/fr\/#website","url":"https:\/\/postesmayan.com\/fr\/","name":"Postes Mayan","description":"","publisher":{"@id":"https:\/\/postesmayan.com\/fr\/#organization"},"potentialAction":[{"@type":"SearchAction","target":{"@type":"EntryPoint","urlTemplate":"https:\/\/postesmayan.com\/fr\/?s={search_term_string}"},"query-input":{"@type":"PropertyValueSpecification","valueRequired":true,"valueName":"search_term_string"}}],"inLanguage":"fr-FR"},{"@type":"Organization","@id":"https:\/\/postesmayan.com\/fr\/#organization","name":"Postes Mayan","url":"https:\/\/postesmayan.com\/fr\/","logo":{"@type":"ImageObject","inLanguage":"fr-FR","@id":"https:\/\/postesmayan.com\/fr\/#\/schema\/logo\/image\/","url":"http:\/\/postesmayan.com\/wp-content\/uploads\/2023\/01\/logo-mayan.png","contentUrl":"http:\/\/postesmayan.com\/wp-content\/uploads\/2023\/01\/logo-mayan.png","width":1497,"height":470,"caption":"Postes Mayan"},"image":{"@id":"https:\/\/postesmayan.com\/fr\/#\/schema\/logo\/image\/"}}]}},"_links":{"self":[{"href":"https:\/\/postesmayan.com\/fr\/wp-json\/wp\/v2\/pages\/642","targetHints":{"allow":["GET"]}}],"collection":[{"href":"https:\/\/postesmayan.com\/fr\/wp-json\/wp\/v2\/pages"}],"about":[{"href":"https:\/\/postesmayan.com\/fr\/wp-json\/wp\/v2\/types\/page"}],"author":[{"embeddable":true,"href":"https:\/\/postesmayan.com\/fr\/wp-json\/wp\/v2\/users\/1"}],"replies":[{"embeddable":true,"href":"https:\/\/postesmayan.com\/fr\/wp-json\/wp\/v2\/comments?post=642"}],"version-history":[{"count":7,"href":"https:\/\/postesmayan.com\/fr\/wp-json\/wp\/v2\/pages\/642\/revisions"}],"predecessor-version":[{"id":865,"href":"https:\/\/postesmayan.com\/fr\/wp-json\/wp\/v2\/pages\/642\/revisions\/865"}],"wp:attachment":[{"href":"https:\/\/postesmayan.com\/fr\/wp-json\/wp\/v2\/media?parent=642"}],"curies":[{"name":"wp","href":"https:\/\/api.w.org\/{rel}","templated":true}]}}