{"id":872,"date":"2023-02-08T17:40:00","date_gmt":"2023-02-08T21:40:00","guid":{"rendered":"https:\/\/postesmayan.com\/privacy-policy\/"},"modified":"2023-06-15T13:45:18","modified_gmt":"2023-06-15T17:45:18","slug":"privacy-policy","status":"publish","type":"page","link":"https:\/\/postesmayan.com\/en\/privacy-policy\/","title":{"rendered":"Privacy policy"},"content":{"rendered":"\t\t<div data-elementor-type=\"wp-page\" data-elementor-id=\"872\" class=\"elementor elementor-872 elementor-330\" data-elementor-post-type=\"page\">\n\t\t\t\t\t\t<section class=\"elementor-section elementor-top-section elementor-element elementor-element-c3da627 elementor-section-boxed elementor-section-height-default elementor-section-height-default\" data-id=\"c3da627\" data-element_type=\"section\" data-settings=\"{&quot;background_background&quot;:&quot;classic&quot;}\">\n\t\t\t\t\t\t<div class=\"elementor-container elementor-column-gap-default\">\n\t\t\t\t\t<div class=\"elementor-column elementor-col-100 elementor-top-column elementor-element elementor-element-d55adab\" data-id=\"d55adab\" data-element_type=\"column\">\n\t\t\t<div class=\"elementor-widget-wrap elementor-element-populated\">\n\t\t\t\t\t\t<div class=\"elementor-element elementor-element-8cb4813 elementor-widget elementor-widget-heading\" data-id=\"8cb4813\" data-element_type=\"widget\" data-widget_type=\"heading.default\">\n\t\t\t\t<div class=\"elementor-widget-container\">\n\t\t\t\t\t<h2 class=\"elementor-heading-title elementor-size-default\">Privacy policy<\/h2>\t\t\t\t<\/div>\n\t\t\t\t<\/div>\n\t\t\t\t<div class=\"elementor-element elementor-element-2c3c69b elementor-widget elementor-widget-text-editor\" data-id=\"2c3c69b\" data-element_type=\"widget\" data-widget_type=\"text-editor.default\">\n\t\t\t\t<div class=\"elementor-widget-container\">\n\t\t\t\t\t\t\t\t\t<p>The content of the privacy policy, in compliance with the General Data Protection Regulation (EU) 2016\/679 of the European Parliament and of the Council of 27 April 2016 and the organic law 3\/2018 of 5 December on the Protection of Personal Data and the Guarantee of Digital Rights, we inform you that:<\/p>\n<p>The company owner of this domain and Responsible for the treatment of the web <a href=\"https:\/\/postesmayan.com\/en\/\">https:\/\/postesmayan.com<\/a> is Postes Mayan S.L., with address for these purposes in Pol. Ind. La Rosa, Calle Rio Fahala Parc. 35 29120 Alhaur\u00edn El Grande (M\u00e1laga) Spain, CIF number: B29686136.<\/p>\n<p>Data Protection email: <a href=\"mailto:info@mayansl.com\">info@mayansl.com.<\/a><\/p>\n<p>The Data Controller, Postes Mayan S.L., in order to manage the collection of your data in the use of our forms. In the contact forms on the website, where personal data are collected, the user must expressly consent expressly and prior to sending them, acceptance and knowledge of the privacy policy by completing the check &#8220;I have read and accept the privacy policy&#8221; and whose content can be accessed through the attached link that will send you this legal notice. If the check field is not checked by the user, the data contained in these forms will not be sent. I understand that I am giving my permission for the use and processing of my personal data as well as the information requested or to be contracted. <\/p>\n<p>The legal basis for the processing of your data is the consent given by you, your consent may be revoked at any time by you or your legal representative. We will retain your data for the time strictly necessary to respond to legal requirements.<\/p>\n<p>The data will not be transferred to third parties except in cases where there is a legal obligation. Transfers of data to third countries are not foreseen.<\/p>\n<p>You can exercise your rights of access, rectification, deletion and portability of your data, and the limitation or opposition to its processing via email <a href=\"mailto:info@mayansl.com\">info@mayansl.com<\/a> or at the postal address Ind. Est. La Rosa, Calle R\u00edo Fahala Parc. 35 29120. Alhaur\u00edn El Grande (M\u00e1laga) Espa\u00f1a. <\/p>\n<p>Similarly, you may file a complaint with the Supervisory Authority at <a href=\"http:\/\/www.aepd.es\">www.aepd.es.<\/a> Your data have been directly provided by you through the web, we process your identification data, postal address, e-mail address, commercial data of our services requested.<\/p>\n\t\t\t\t\t\t\t\t<\/div>\n\t\t\t\t<\/div>\n\t\t\t\t\t<\/div>\n\t\t<\/div>\n\t\t\t\t\t<\/div>\n\t\t<\/section>\n\t\t\t\t<\/div>\n\t\t","protected":false},"excerpt":{"rendered":"<p>Privacy policy The content of the privacy policy, in compliance with the General Data Protection Regulation (EU) 2016\/679 of the European Parliament and of the Council of 27 April 2016 and the organic law 3\/2018 of 5 December on the Protection of Personal Data and the Guarantee of Digital Rights, we inform you that: The &#8230; <a title=\"Privacy policy\" class=\"read-more\" href=\"https:\/\/postesmayan.com\/en\/privacy-policy\/\" aria-label=\"Read more about Privacy policy\">Read more<\/a><\/p>\n","protected":false},"author":1,"featured_media":0,"parent":0,"menu_order":0,"comment_status":"closed","ping_status":"closed","template":"elementor_header_footer","meta":{"footnotes":""},"class_list":["post-872","page","type-page","status-publish"],"yoast_head":"<!-- This site is optimized with the Yoast SEO plugin v27.5 - https:\/\/yoast.com\/product\/yoast-seo-wordpress\/ -->\n<title>Privacy policy - Postes Mayan<\/title>\n<meta name=\"robots\" content=\"index, follow, max-snippet:-1, max-image-preview:large, max-video-preview:-1\" \/>\n<link rel=\"canonical\" href=\"https:\/\/postesmayan.com\/en\/privacy-policy\/\" \/>\n<meta property=\"og:locale\" content=\"en_US\" \/>\n<meta property=\"og:type\" content=\"article\" \/>\n<meta property=\"og:title\" content=\"Privacy policy - Postes Mayan\" \/>\n<meta property=\"og:description\" content=\"Privacy policy The content of the privacy policy, in compliance with the General Data Protection Regulation (EU) 2016\/679 of the European Parliament and of the Council of 27 April 2016 and the organic law 3\/2018 of 5 December on the Protection of Personal Data and the Guarantee of Digital Rights, we inform you that: The ... Read more\" \/>\n<meta property=\"og:url\" content=\"https:\/\/postesmayan.com\/en\/privacy-policy\/\" \/>\n<meta property=\"og:site_name\" content=\"Postes Mayan\" \/>\n<meta property=\"article:modified_time\" content=\"2023-06-15T17:45:18+00:00\" \/>\n<meta property=\"og:image\" content=\"https:\/\/postesmayan.com\/wp-content\/uploads\/2023\/01\/logo-mayan.png\" \/>\n\t<meta property=\"og:image:width\" content=\"1497\" \/>\n\t<meta property=\"og:image:height\" content=\"470\" \/>\n\t<meta property=\"og:image:type\" content=\"image\/png\" \/>\n<meta name=\"twitter:card\" content=\"summary_large_image\" \/>\n<meta name=\"twitter:label1\" content=\"Est. reading time\" \/>\n\t<meta name=\"twitter:data1\" content=\"2 minutes\" \/>\n<script type=\"application\/ld+json\" class=\"yoast-schema-graph\">{\"@context\":\"https:\\\/\\\/schema.org\",\"@graph\":[{\"@type\":\"WebPage\",\"@id\":\"https:\\\/\\\/postesmayan.com\\\/en\\\/privacy-policy\\\/\",\"url\":\"https:\\\/\\\/postesmayan.com\\\/en\\\/privacy-policy\\\/\",\"name\":\"Privacy policy - Postes Mayan\",\"isPartOf\":{\"@id\":\"https:\\\/\\\/postesmayan.com\\\/en\\\/#website\"},\"datePublished\":\"2023-02-08T21:40:00+00:00\",\"dateModified\":\"2023-06-15T17:45:18+00:00\",\"breadcrumb\":{\"@id\":\"https:\\\/\\\/postesmayan.com\\\/en\\\/privacy-policy\\\/#breadcrumb\"},\"inLanguage\":\"en-US\",\"potentialAction\":[{\"@type\":\"ReadAction\",\"target\":[\"https:\\\/\\\/postesmayan.com\\\/en\\\/privacy-policy\\\/\"]}]},{\"@type\":\"BreadcrumbList\",\"@id\":\"https:\\\/\\\/postesmayan.com\\\/en\\\/privacy-policy\\\/#breadcrumb\",\"itemListElement\":[{\"@type\":\"ListItem\",\"position\":1,\"name\":\"Portada\",\"item\":\"https:\\\/\\\/postesmayan.com\\\/en\\\/\"},{\"@type\":\"ListItem\",\"position\":2,\"name\":\"Privacy policy\"}]},{\"@type\":\"WebSite\",\"@id\":\"https:\\\/\\\/postesmayan.com\\\/en\\\/#website\",\"url\":\"https:\\\/\\\/postesmayan.com\\\/en\\\/\",\"name\":\"Postes Mayan\",\"description\":\"\",\"publisher\":{\"@id\":\"https:\\\/\\\/postesmayan.com\\\/en\\\/#organization\"},\"potentialAction\":[{\"@type\":\"SearchAction\",\"target\":{\"@type\":\"EntryPoint\",\"urlTemplate\":\"https:\\\/\\\/postesmayan.com\\\/en\\\/?s={search_term_string}\"},\"query-input\":{\"@type\":\"PropertyValueSpecification\",\"valueRequired\":true,\"valueName\":\"search_term_string\"}}],\"inLanguage\":\"en-US\"},{\"@type\":\"Organization\",\"@id\":\"https:\\\/\\\/postesmayan.com\\\/en\\\/#organization\",\"name\":\"Postes Mayan\",\"url\":\"https:\\\/\\\/postesmayan.com\\\/en\\\/\",\"logo\":{\"@type\":\"ImageObject\",\"inLanguage\":\"en-US\",\"@id\":\"https:\\\/\\\/postesmayan.com\\\/en\\\/#\\\/schema\\\/logo\\\/image\\\/\",\"url\":\"http:\\\/\\\/postesmayan.com\\\/wp-content\\\/uploads\\\/2023\\\/01\\\/logo-mayan.png\",\"contentUrl\":\"http:\\\/\\\/postesmayan.com\\\/wp-content\\\/uploads\\\/2023\\\/01\\\/logo-mayan.png\",\"width\":1497,\"height\":470,\"caption\":\"Postes Mayan\"},\"image\":{\"@id\":\"https:\\\/\\\/postesmayan.com\\\/en\\\/#\\\/schema\\\/logo\\\/image\\\/\"}}]}<\/script>\n<!-- \/ Yoast SEO plugin. -->","yoast_head_json":{"title":"Privacy policy - Postes Mayan","robots":{"index":"index","follow":"follow","max-snippet":"max-snippet:-1","max-image-preview":"max-image-preview:large","max-video-preview":"max-video-preview:-1"},"canonical":"https:\/\/postesmayan.com\/en\/privacy-policy\/","og_locale":"en_US","og_type":"article","og_title":"Privacy policy - Postes Mayan","og_description":"Privacy policy The content of the privacy policy, in compliance with the General Data Protection Regulation (EU) 2016\/679 of the European Parliament and of the Council of 27 April 2016 and the organic law 3\/2018 of 5 December on the Protection of Personal Data and the Guarantee of Digital Rights, we inform you that: The ... Read more","og_url":"https:\/\/postesmayan.com\/en\/privacy-policy\/","og_site_name":"Postes Mayan","article_modified_time":"2023-06-15T17:45:18+00:00","og_image":[{"width":1497,"height":470,"url":"https:\/\/postesmayan.com\/wp-content\/uploads\/2023\/01\/logo-mayan.png","type":"image\/png"}],"twitter_card":"summary_large_image","twitter_misc":{"Est. reading time":"2 minutes"},"schema":{"@context":"https:\/\/schema.org","@graph":[{"@type":"WebPage","@id":"https:\/\/postesmayan.com\/en\/privacy-policy\/","url":"https:\/\/postesmayan.com\/en\/privacy-policy\/","name":"Privacy policy - Postes Mayan","isPartOf":{"@id":"https:\/\/postesmayan.com\/en\/#website"},"datePublished":"2023-02-08T21:40:00+00:00","dateModified":"2023-06-15T17:45:18+00:00","breadcrumb":{"@id":"https:\/\/postesmayan.com\/en\/privacy-policy\/#breadcrumb"},"inLanguage":"en-US","potentialAction":[{"@type":"ReadAction","target":["https:\/\/postesmayan.com\/en\/privacy-policy\/"]}]},{"@type":"BreadcrumbList","@id":"https:\/\/postesmayan.com\/en\/privacy-policy\/#breadcrumb","itemListElement":[{"@type":"ListItem","position":1,"name":"Portada","item":"https:\/\/postesmayan.com\/en\/"},{"@type":"ListItem","position":2,"name":"Privacy policy"}]},{"@type":"WebSite","@id":"https:\/\/postesmayan.com\/en\/#website","url":"https:\/\/postesmayan.com\/en\/","name":"Postes Mayan","description":"","publisher":{"@id":"https:\/\/postesmayan.com\/en\/#organization"},"potentialAction":[{"@type":"SearchAction","target":{"@type":"EntryPoint","urlTemplate":"https:\/\/postesmayan.com\/en\/?s={search_term_string}"},"query-input":{"@type":"PropertyValueSpecification","valueRequired":true,"valueName":"search_term_string"}}],"inLanguage":"en-US"},{"@type":"Organization","@id":"https:\/\/postesmayan.com\/en\/#organization","name":"Postes Mayan","url":"https:\/\/postesmayan.com\/en\/","logo":{"@type":"ImageObject","inLanguage":"en-US","@id":"https:\/\/postesmayan.com\/en\/#\/schema\/logo\/image\/","url":"http:\/\/postesmayan.com\/wp-content\/uploads\/2023\/01\/logo-mayan.png","contentUrl":"http:\/\/postesmayan.com\/wp-content\/uploads\/2023\/01\/logo-mayan.png","width":1497,"height":470,"caption":"Postes Mayan"},"image":{"@id":"https:\/\/postesmayan.com\/en\/#\/schema\/logo\/image\/"}}]}},"_links":{"self":[{"href":"https:\/\/postesmayan.com\/en\/wp-json\/wp\/v2\/pages\/872","targetHints":{"allow":["GET"]}}],"collection":[{"href":"https:\/\/postesmayan.com\/en\/wp-json\/wp\/v2\/pages"}],"about":[{"href":"https:\/\/postesmayan.com\/en\/wp-json\/wp\/v2\/types\/page"}],"author":[{"embeddable":true,"href":"https:\/\/postesmayan.com\/en\/wp-json\/wp\/v2\/users\/1"}],"replies":[{"embeddable":true,"href":"https:\/\/postesmayan.com\/en\/wp-json\/wp\/v2\/comments?post=872"}],"version-history":[{"count":1,"href":"https:\/\/postesmayan.com\/en\/wp-json\/wp\/v2\/pages\/872\/revisions"}],"predecessor-version":[{"id":873,"href":"https:\/\/postesmayan.com\/en\/wp-json\/wp\/v2\/pages\/872\/revisions\/873"}],"wp:attachment":[{"href":"https:\/\/postesmayan.com\/en\/wp-json\/wp\/v2\/media?parent=872"}],"curies":[{"name":"wp","href":"https:\/\/api.w.org\/{rel}","templated":true}]}}