{"id":648,"date":"2023-06-06T11:37:33","date_gmt":"2023-06-06T15:37:33","guid":{"rendered":"https:\/\/postesmayan.com\/treated-wood-posts-malaga\/"},"modified":"2023-06-15T13:23:08","modified_gmt":"2023-06-15T17:23:08","slug":"treated-wood-posts-malaga","status":"publish","type":"page","link":"https:\/\/postesmayan.com\/en\/treated-wood-posts-malaga\/","title":{"rendered":"Treated wood posts Malaga"},"content":{"rendered":"\t\t<div data-elementor-type=\"wp-page\" data-elementor-id=\"648\" class=\"elementor elementor-648 elementor-611\" data-elementor-post-type=\"page\">\n\t\t\t\t\t\t<section class=\"elementor-section elementor-top-section elementor-element elementor-element-ba4688b elementor-section-full_width elementor-section-height-default elementor-section-height-default\" data-id=\"ba4688b\" data-element_type=\"section\" data-settings=\"{&quot;background_background&quot;:&quot;classic&quot;}\">\n\t\t\t\t\t\t<div class=\"elementor-container elementor-column-gap-default\">\n\t\t\t\t\t<div class=\"elementor-column elementor-col-100 elementor-top-column elementor-element elementor-element-ee55d41\" data-id=\"ee55d41\" data-element_type=\"column\">\n\t\t\t<div class=\"elementor-widget-wrap elementor-element-populated\">\n\t\t\t\t\t\t<div class=\"elementor-element elementor-element-e521b90 elementor-widget elementor-widget-spacer\" data-id=\"e521b90\" data-element_type=\"widget\" data-widget_type=\"spacer.default\">\n\t\t\t\t<div class=\"elementor-widget-container\">\n\t\t\t\t\t\t\t<div class=\"elementor-spacer\">\n\t\t\t<div class=\"elementor-spacer-inner\"><\/div>\n\t\t<\/div>\n\t\t\t\t\t\t<\/div>\n\t\t\t\t<\/div>\n\t\t\t\t\t<\/div>\n\t\t<\/div>\n\t\t\t\t\t<\/div>\n\t\t<\/section>\n\t\t\t\t<section class=\"elementor-section elementor-top-section elementor-element elementor-element-11b711f elementor-section-content-middle elementor-section-boxed elementor-section-height-default elementor-section-height-default\" data-id=\"11b711f\" data-element_type=\"section\">\n\t\t\t\t\t\t<div class=\"elementor-container elementor-column-gap-default\">\n\t\t\t\t\t<div class=\"elementor-column elementor-col-50 elementor-top-column elementor-element elementor-element-5ebd2d8\" data-id=\"5ebd2d8\" data-element_type=\"column\">\n\t\t\t<div class=\"elementor-widget-wrap elementor-element-populated\">\n\t\t\t\t\t\t<div class=\"elementor-element elementor-element-a93cc73 elementor-widget elementor-widget-image-carousel\" data-id=\"a93cc73\" data-element_type=\"widget\" data-settings=\"{&quot;slides_to_show&quot;:&quot;1&quot;,&quot;navigation&quot;:&quot;none&quot;,&quot;autoplay&quot;:&quot;yes&quot;,&quot;pause_on_hover&quot;:&quot;yes&quot;,&quot;pause_on_interaction&quot;:&quot;yes&quot;,&quot;autoplay_speed&quot;:5000,&quot;infinite&quot;:&quot;yes&quot;,&quot;effect&quot;:&quot;slide&quot;,&quot;speed&quot;:500}\" data-widget_type=\"image-carousel.default\">\n\t\t\t\t<div class=\"elementor-widget-container\">\n\t\t\t\t\t\t\t<div class=\"elementor-image-carousel-wrapper swiper\" role=\"region\" aria-roledescription=\"carousel\" aria-label=\"Image Carousel\" dir=\"ltr\">\n\t\t\t<div class=\"elementor-image-carousel swiper-wrapper\" aria-live=\"off\">\n\t\t\t\t\t\t\t\t<div class=\"swiper-slide\" role=\"group\" aria-roledescription=\"slide\" aria-label=\"1 of 1\"><figure class=\"swiper-slide-inner\"><img decoding=\"async\" class=\"swiper-slide-image\" src=\"https:\/\/postesmayan.com\/wp-content\/uploads\/2023\/06\/postes-madera-malaga-1.jpg\" alt=\"postes-madera-malaga\" \/><\/figure><\/div>\t\t\t<\/div>\n\t\t\t\t\t<\/div>\n\t\t\t\t\t\t<\/div>\n\t\t\t\t<\/div>\n\t\t\t\t\t<\/div>\n\t\t<\/div>\n\t\t\t\t<div class=\"elementor-column elementor-col-50 elementor-top-column elementor-element elementor-element-f6da216 elementor-invisible\" data-id=\"f6da216\" data-element_type=\"column\" data-settings=\"{&quot;animation&quot;:&quot;fadeInLeft&quot;}\">\n\t\t\t<div class=\"elementor-widget-wrap elementor-element-populated\">\n\t\t\t\t\t\t<div class=\"elementor-element elementor-element-dcaada7 elementor-widget elementor-widget-heading\" data-id=\"dcaada7\" data-element_type=\"widget\" data-widget_type=\"heading.default\">\n\t\t\t\t<div class=\"elementor-widget-container\">\n\t\t\t\t\t<h2 class=\"elementor-heading-title elementor-size-default\">Wooden poles<\/h2>\t\t\t\t<\/div>\n\t\t\t\t<\/div>\n\t\t\t\t<div class=\"elementor-element elementor-element-12204c7 elementor-widget elementor-widget-heading\" data-id=\"12204c7\" data-element_type=\"widget\" data-widget_type=\"heading.default\">\n\t\t\t\t<div class=\"elementor-widget-container\">\n\t\t\t\t\t<h3 class=\"elementor-heading-title elementor-size-default\">Wooden posts Sales Type III<\/h3>\t\t\t\t<\/div>\n\t\t\t\t<\/div>\n\t\t\t\t<div class=\"elementor-element elementor-element-f29b527 elementor-widget elementor-widget-text-editor\" data-id=\"f29b527\" data-element_type=\"widget\" data-widget_type=\"text-editor.default\">\n\t\t\t\t<div class=\"elementor-widget-container\">\n\t\t\t\t\t\t\t\t\t<p>Wooden pole for electric and telephone lines with a copper-based water-soluble salt treatment, use class 4. Bethell System. We have braided cable fittings for both suspension and grip for wooden poles.<\/p>\n\t\t\t\t\t\t\t\t<\/div>\n\t\t\t\t<\/div>\n\t\t\t\t<div class=\"elementor-element elementor-element-82dcd26 elementor-mobile-align-center elementor-widget elementor-widget-button\" data-id=\"82dcd26\" data-element_type=\"widget\" data-widget_type=\"button.default\">\n\t\t\t\t<div class=\"elementor-widget-container\">\n\t\t\t\t\t\t\t\t\t<div class=\"elementor-button-wrapper\">\n\t\t\t\t\t<a class=\"elementor-button elementor-button-link elementor-size-md\" href=\"https:\/\/postesmayan.com\/en\/postes-de-madera-tratada-calidad-iii-ingles\/\" target=\"_blank\">\n\t\t\t\t\t\t<span class=\"elementor-button-content-wrapper\">\n\t\t\t\t\t\t\t\t\t<span class=\"elementor-button-text\">See dimensions<\/span>\n\t\t\t\t\t<\/span>\n\t\t\t\t\t<\/a>\n\t\t\t\t<\/div>\n\t\t\t\t\t\t\t\t<\/div>\n\t\t\t\t<\/div>\n\t\t\t\t\t<\/div>\n\t\t<\/div>\n\t\t\t\t\t<\/div>\n\t\t<\/section>\n\t\t\t\t<section class=\"elementor-section elementor-top-section elementor-element elementor-element-1cdd5e5 elementor-section-boxed elementor-section-height-default elementor-section-height-default\" data-id=\"1cdd5e5\" data-element_type=\"section\" data-settings=\"{&quot;background_background&quot;:&quot;classic&quot;}\">\n\t\t\t\t\t\t\t<div class=\"elementor-background-overlay\"><\/div>\n\t\t\t\t\t\t\t<div class=\"elementor-container elementor-column-gap-default\">\n\t\t\t\t\t<div class=\"elementor-column elementor-col-100 elementor-top-column elementor-element elementor-element-8316f5d\" data-id=\"8316f5d\" data-element_type=\"column\">\n\t\t\t<div class=\"elementor-widget-wrap elementor-element-populated\">\n\t\t\t\t\t\t<section class=\"elementor-section elementor-inner-section elementor-element elementor-element-a15ed8b elementor-section-content-middle elementor-section-boxed elementor-section-height-default elementor-section-height-default\" data-id=\"a15ed8b\" data-element_type=\"section\">\n\t\t\t\t\t\t<div class=\"elementor-container elementor-column-gap-default\">\n\t\t\t\t\t<div class=\"elementor-column elementor-col-50 elementor-inner-column elementor-element elementor-element-9a4d81c elementor-invisible\" data-id=\"9a4d81c\" data-element_type=\"column\" data-settings=\"{&quot;background_background&quot;:&quot;classic&quot;,&quot;animation&quot;:&quot;fadeInLeft&quot;}\">\n\t\t\t<div class=\"elementor-widget-wrap elementor-element-populated\">\n\t\t\t\t\t\t<div class=\"elementor-element elementor-element-c62d91f elementor-widget elementor-widget-heading\" data-id=\"c62d91f\" data-element_type=\"widget\" data-widget_type=\"heading.default\">\n\t\t\t\t<div class=\"elementor-widget-container\">\n\t\t\t\t\t<div class=\"elementor-heading-title elementor-size-default\">Contact to Sales<\/div>\t\t\t\t<\/div>\n\t\t\t\t<\/div>\n\t\t\t\t<div class=\"elementor-element elementor-element-f034c75 elementor-widget-divider--view-line elementor-widget elementor-widget-divider\" data-id=\"f034c75\" data-element_type=\"widget\" data-widget_type=\"divider.default\">\n\t\t\t\t<div class=\"elementor-widget-container\">\n\t\t\t\t\t\t\t<div class=\"elementor-divider\">\n\t\t\t<span class=\"elementor-divider-separator\">\n\t\t\t\t\t\t<\/span>\n\t\t<\/div>\n\t\t\t\t\t\t<\/div>\n\t\t\t\t<\/div>\n\t\t\t\t<div class=\"elementor-element elementor-element-e38fdda elementor-widget elementor-widget-text-editor\" data-id=\"e38fdda\" data-element_type=\"widget\" data-widget_type=\"text-editor.default\">\n\t\t\t\t<div class=\"elementor-widget-container\">\n\t\t\t\t\t\t\t\t\t<p>Pol. Ind. La Rosa, Calle R\u00edo Fahala Parc. 35 29120. Alhaur\u00edn El Grande (M\u00e1laga) Espa\u00f1a.<\/p>\n\t\t\t\t\t\t\t\t<\/div>\n\t\t\t\t<\/div>\n\t\t\t\t<div class=\"elementor-element elementor-element-3338844 elementor-widget elementor-widget-heading\" data-id=\"3338844\" data-element_type=\"widget\" data-widget_type=\"heading.default\">\n\t\t\t\t<div class=\"elementor-widget-container\">\n\t\t\t\t\t<h4 class=\"elementor-heading-title elementor-size-default\"><a href=\"mailto:info@mayansl.com\">info@mayansl.com<\/a><\/h4>\t\t\t\t<\/div>\n\t\t\t\t<\/div>\n\t\t\t\t<div class=\"elementor-element elementor-element-52da890 elementor-widget elementor-widget-heading\" data-id=\"52da890\" data-element_type=\"widget\" data-widget_type=\"heading.default\">\n\t\t\t\t<div class=\"elementor-widget-container\">\n\t\t\t\t\t<h4 class=\"elementor-heading-title elementor-size-default\"><a href=\"tel:+34%20952%2059%2041%2029\">+34 952 59 41 29<\/a><\/h4>\t\t\t\t<\/div>\n\t\t\t\t<\/div>\n\t\t\t\t<div class=\"elementor-element elementor-element-d8372b7 elementor-widget elementor-widget-text-editor\" data-id=\"d8372b7\" data-element_type=\"widget\" data-widget_type=\"text-editor.default\">\n\t\t\t\t<div class=\"elementor-widget-container\">\n\t\t\t\t\t\t\t\t\t<p><span style=\"font-weight: 400;\">Schedule: <\/span><span style=\"font-weight: 400;\">Monday to Friday from 8 a.m. to 2 p.m. and from 4 p.m. to 7 p.m.<\/span><\/p>\n\t\t\t\t\t\t\t\t<\/div>\n\t\t\t\t<\/div>\n\t\t\t\t\t<\/div>\n\t\t<\/div>\n\t\t\t\t<div class=\"elementor-column elementor-col-50 elementor-inner-column elementor-element elementor-element-62cda1d elementor-invisible\" data-id=\"62cda1d\" data-element_type=\"column\" data-settings=\"{&quot;background_background&quot;:&quot;classic&quot;,&quot;animation&quot;:&quot;fadeInRight&quot;}\">\n\t\t\t<div class=\"elementor-widget-wrap elementor-element-populated\">\n\t\t\t\t\t\t<div class=\"elementor-element elementor-element-98aa424 elementor-widget elementor-widget-heading\" data-id=\"98aa424\" data-element_type=\"widget\" data-widget_type=\"heading.default\">\n\t\t\t\t<div class=\"elementor-widget-container\">\n\t\t\t\t\t<div class=\"elementor-heading-title elementor-size-default\">Budget request<\/div>\t\t\t\t<\/div>\n\t\t\t\t<\/div>\n\t\t\t\t<div class=\"elementor-element elementor-element-0c8f25e elementor-widget elementor-widget-shortcode\" data-id=\"0c8f25e\" data-element_type=\"widget\" data-widget_type=\"shortcode.default\">\n\t\t\t\t<div class=\"elementor-widget-container\">\n\t\t\t\t\t\t\t<div class=\"elementor-shortcode\">\n<div class=\"wpcf7 no-js\" id=\"wpcf7-f532-o1\" lang=\"en-US\" dir=\"ltr\" data-wpcf7-id=\"532\">\n<div class=\"screen-reader-response\"><p role=\"status\" aria-live=\"polite\" aria-atomic=\"true\"><\/p> <ul><\/ul><\/div>\n<form action=\"\/en\/wp-json\/wp\/v2\/pages\/648#wpcf7-f532-o1\" method=\"post\" class=\"wpcf7-form init\" aria-label=\"Contact form\" novalidate=\"novalidate\" data-status=\"init\">\n<fieldset class=\"hidden-fields-container\"><input type=\"hidden\" name=\"_wpcf7\" value=\"532\" \/><input type=\"hidden\" name=\"_wpcf7_version\" value=\"6.1.5\" \/><input type=\"hidden\" name=\"_wpcf7_locale\" value=\"en_US\" \/><input type=\"hidden\" name=\"_wpcf7_unit_tag\" value=\"wpcf7-f532-o1\" \/><input type=\"hidden\" name=\"_wpcf7_container_post\" value=\"0\" \/><input type=\"hidden\" name=\"_wpcf7_posted_data_hash\" value=\"\" \/>\n<\/fieldset>\n<div class=\"flex_\">\n<label> Name\n    <span class=\"wpcf7-form-control-wrap\" data-name=\"your-name\"><input size=\"40\" maxlength=\"400\" class=\"wpcf7-form-control wpcf7-text wpcf7-validates-as-required\" autocomplete=\"name\" aria-required=\"true\" aria-invalid=\"false\" placeholder=\"Name\" value=\"\" type=\"text\" name=\"your-name\" \/><\/span> <\/label>\n<label> Entreprise\n    <span class=\"wpcf7-form-control-wrap\" data-name=\"your-empresa\"><input size=\"40\" maxlength=\"400\" class=\"wpcf7-form-control wpcf7-text wpcf7-validates-as-required\" autocomplete=\"name\" aria-required=\"true\" aria-invalid=\"false\" placeholder=\"Enterprise\" value=\"\" type=\"text\" name=\"your-empresa\" \/><\/span> <\/label>\n<\/div>\n<div class=\"flex_\">\n<label> Phone\n    <span class=\"wpcf7-form-control-wrap\" data-name=\"your-phone\"><input size=\"40\" maxlength=\"9\" class=\"wpcf7-form-control wpcf7-tel wpcf7-validates-as-required wpcf7-text wpcf7-validates-as-tel\" autocomplete=\"name\" aria-required=\"true\" aria-invalid=\"false\" placeholder=\"Phone\" value=\"\" type=\"tel\" name=\"your-phone\" \/><\/span> <\/label>\n<label> Email\n    <span class=\"wpcf7-form-control-wrap\" data-name=\"your-email\"><input size=\"40\" maxlength=\"400\" class=\"wpcf7-form-control wpcf7-email wpcf7-validates-as-required wpcf7-text wpcf7-validates-as-email\" autocomplete=\"email\" aria-required=\"true\" aria-invalid=\"false\" placeholder=\"Email\" value=\"\" type=\"email\" name=\"your-email\" \/><\/span> <\/label>\n<\/div>\n<label> Message\n    <span class=\"wpcf7-form-control-wrap\" data-name=\"your-message\"><textarea cols=\"40\" rows=\"10\" maxlength=\"2000\" class=\"wpcf7-form-control wpcf7-textarea\" aria-invalid=\"false\" placeholder=\"Message\" name=\"your-message\"><\/textarea><\/span> <\/label>\n\n<span class=\"wpcf7-form-control-wrap\" data-name=\"acceptance-927\"><span class=\"wpcf7-form-control wpcf7-acceptance optional\"><span class=\"wpcf7-list-item\"><label><input type=\"checkbox\" name=\"acceptance-927\" value=\"1\" aria-invalid=\"false\" \/><span class=\"wpcf7-list-item-label\">I have read and accept the <a href=\"#\" target=\"_blank\">privacy policy<\/a><\/span><\/label><\/span><\/span><\/span>\n\n<input class=\"wpcf7-form-control wpcf7-submit has-spinner\" type=\"submit\" value=\"Send\" \/><div class=\"wpcf7-response-output\" aria-hidden=\"true\"><\/div>\n<\/form>\n<\/div>\n<\/div>\n\t\t\t\t\t\t<\/div>\n\t\t\t\t<\/div>\n\t\t\t\t\t<\/div>\n\t\t<\/div>\n\t\t\t\t\t<\/div>\n\t\t<\/section>\n\t\t\t\t\t<\/div>\n\t\t<\/div>\n\t\t\t\t\t<\/div>\n\t\t<\/section>\n\t\t\t\t<\/div>\n\t\t","protected":false},"excerpt":{"rendered":"<p>Wooden poles Wooden posts Sales Type III Wooden pole for electric and telephone lines with a copper-based water-soluble salt treatment, use class 4. Bethell System. We have braided cable fittings for both suspension and grip for wooden poles. See dimensions Contact to Sales Pol. Ind. La Rosa, Calle R\u00edo Fahala Parc. 35 29120. Alhaur\u00edn El &#8230; <a title=\"Treated wood posts Malaga\" class=\"read-more\" href=\"https:\/\/postesmayan.com\/en\/treated-wood-posts-malaga\/\" aria-label=\"Read more about Treated wood posts Malaga\">Read more<\/a><\/p>\n","protected":false},"author":1,"featured_media":0,"parent":0,"menu_order":0,"comment_status":"closed","ping_status":"closed","template":"elementor_header_footer","meta":{"footnotes":""},"class_list":["post-648","page","type-page","status-publish"],"yoast_head":"<!-- This site is optimized with the Yoast SEO plugin v27.5 - https:\/\/yoast.com\/product\/yoast-seo-wordpress\/ -->\n<title>\u25b7 Treated Utility Poles Manufacturers | MAYAN \u00ae<\/title>\n<meta name=\"description\" content=\"Treated wood utility poles manufacturers \u2713 More than 25 years of experience \u2713 Certified quality.\" \/>\n<meta name=\"robots\" content=\"index, follow, max-snippet:-1, max-image-preview:large, max-video-preview:-1\" \/>\n<link rel=\"canonical\" href=\"https:\/\/postesmayan.com\/en\/treated-wood-posts-malaga\/\" \/>\n<meta property=\"og:locale\" content=\"en_US\" \/>\n<meta property=\"og:type\" content=\"article\" \/>\n<meta property=\"og:title\" content=\"\u25b7 Treated Utility Poles Manufacturers | MAYAN \u00ae\" \/>\n<meta property=\"og:description\" content=\"Treated wood utility poles manufacturers \u2713 More than 25 years of experience \u2713 Certified quality.\" \/>\n<meta property=\"og:url\" content=\"https:\/\/postesmayan.com\/en\/treated-wood-posts-malaga\/\" \/>\n<meta property=\"og:site_name\" content=\"Postes Mayan\" \/>\n<meta property=\"article:modified_time\" content=\"2023-06-15T17:23:08+00:00\" \/>\n<meta property=\"og:image\" content=\"http:\/\/postesmayan.com\/wp-content\/uploads\/2023\/06\/postes-madera-malaga-1.jpg\" \/>\n<meta name=\"twitter:card\" content=\"summary_large_image\" \/>\n<meta name=\"twitter:label1\" content=\"Est. reading time\" \/>\n\t<meta name=\"twitter:data1\" content=\"1 minute\" \/>\n<script type=\"application\/ld+json\" class=\"yoast-schema-graph\">{\"@context\":\"https:\\\/\\\/schema.org\",\"@graph\":[{\"@type\":\"WebPage\",\"@id\":\"https:\\\/\\\/postesmayan.com\\\/en\\\/treated-wood-posts-malaga\\\/\",\"url\":\"https:\\\/\\\/postesmayan.com\\\/en\\\/treated-wood-posts-malaga\\\/\",\"name\":\"\u25b7 Treated Utility Poles Manufacturers | MAYAN \u00ae\",\"isPartOf\":{\"@id\":\"https:\\\/\\\/postesmayan.com\\\/en\\\/#website\"},\"primaryImageOfPage\":{\"@id\":\"https:\\\/\\\/postesmayan.com\\\/en\\\/treated-wood-posts-malaga\\\/#primaryimage\"},\"image\":{\"@id\":\"https:\\\/\\\/postesmayan.com\\\/en\\\/treated-wood-posts-malaga\\\/#primaryimage\"},\"thumbnailUrl\":\"http:\\\/\\\/postesmayan.com\\\/wp-content\\\/uploads\\\/2023\\\/06\\\/postes-madera-malaga-1.jpg\",\"datePublished\":\"2023-06-06T15:37:33+00:00\",\"dateModified\":\"2023-06-15T17:23:08+00:00\",\"description\":\"Treated wood utility poles manufacturers \u2713 More than 25 years of experience \u2713 Certified quality.\",\"breadcrumb\":{\"@id\":\"https:\\\/\\\/postesmayan.com\\\/en\\\/treated-wood-posts-malaga\\\/#breadcrumb\"},\"inLanguage\":\"en-US\",\"potentialAction\":[{\"@type\":\"ReadAction\",\"target\":[\"https:\\\/\\\/postesmayan.com\\\/en\\\/treated-wood-posts-malaga\\\/\"]}]},{\"@type\":\"ImageObject\",\"inLanguage\":\"en-US\",\"@id\":\"https:\\\/\\\/postesmayan.com\\\/en\\\/treated-wood-posts-malaga\\\/#primaryimage\",\"url\":\"http:\\\/\\\/postesmayan.com\\\/wp-content\\\/uploads\\\/2023\\\/06\\\/postes-madera-malaga-1.jpg\",\"contentUrl\":\"http:\\\/\\\/postesmayan.com\\\/wp-content\\\/uploads\\\/2023\\\/06\\\/postes-madera-malaga-1.jpg\"},{\"@type\":\"BreadcrumbList\",\"@id\":\"https:\\\/\\\/postesmayan.com\\\/en\\\/treated-wood-posts-malaga\\\/#breadcrumb\",\"itemListElement\":[{\"@type\":\"ListItem\",\"position\":1,\"name\":\"Portada\",\"item\":\"https:\\\/\\\/postesmayan.com\\\/en\\\/\"},{\"@type\":\"ListItem\",\"position\":2,\"name\":\"Treated wood posts Malaga\"}]},{\"@type\":\"WebSite\",\"@id\":\"https:\\\/\\\/postesmayan.com\\\/en\\\/#website\",\"url\":\"https:\\\/\\\/postesmayan.com\\\/en\\\/\",\"name\":\"Postes Mayan\",\"description\":\"\",\"publisher\":{\"@id\":\"https:\\\/\\\/postesmayan.com\\\/en\\\/#organization\"},\"potentialAction\":[{\"@type\":\"SearchAction\",\"target\":{\"@type\":\"EntryPoint\",\"urlTemplate\":\"https:\\\/\\\/postesmayan.com\\\/en\\\/?s={search_term_string}\"},\"query-input\":{\"@type\":\"PropertyValueSpecification\",\"valueRequired\":true,\"valueName\":\"search_term_string\"}}],\"inLanguage\":\"en-US\"},{\"@type\":\"Organization\",\"@id\":\"https:\\\/\\\/postesmayan.com\\\/en\\\/#organization\",\"name\":\"Postes Mayan\",\"url\":\"https:\\\/\\\/postesmayan.com\\\/en\\\/\",\"logo\":{\"@type\":\"ImageObject\",\"inLanguage\":\"en-US\",\"@id\":\"https:\\\/\\\/postesmayan.com\\\/en\\\/#\\\/schema\\\/logo\\\/image\\\/\",\"url\":\"http:\\\/\\\/postesmayan.com\\\/wp-content\\\/uploads\\\/2023\\\/01\\\/logo-mayan.png\",\"contentUrl\":\"http:\\\/\\\/postesmayan.com\\\/wp-content\\\/uploads\\\/2023\\\/01\\\/logo-mayan.png\",\"width\":1497,\"height\":470,\"caption\":\"Postes Mayan\"},\"image\":{\"@id\":\"https:\\\/\\\/postesmayan.com\\\/en\\\/#\\\/schema\\\/logo\\\/image\\\/\"}}]}<\/script>\n<!-- \/ Yoast SEO plugin. -->","yoast_head_json":{"title":"\u25b7 Treated Utility Poles Manufacturers | MAYAN \u00ae","description":"Treated wood utility poles manufacturers \u2713 More than 25 years of experience \u2713 Certified quality.","robots":{"index":"index","follow":"follow","max-snippet":"max-snippet:-1","max-image-preview":"max-image-preview:large","max-video-preview":"max-video-preview:-1"},"canonical":"https:\/\/postesmayan.com\/en\/treated-wood-posts-malaga\/","og_locale":"en_US","og_type":"article","og_title":"\u25b7 Treated Utility Poles Manufacturers | MAYAN \u00ae","og_description":"Treated wood utility poles manufacturers \u2713 More than 25 years of experience \u2713 Certified quality.","og_url":"https:\/\/postesmayan.com\/en\/treated-wood-posts-malaga\/","og_site_name":"Postes Mayan","article_modified_time":"2023-06-15T17:23:08+00:00","og_image":[{"url":"http:\/\/postesmayan.com\/wp-content\/uploads\/2023\/06\/postes-madera-malaga-1.jpg","type":"","width":"","height":""}],"twitter_card":"summary_large_image","twitter_misc":{"Est. reading time":"1 minute"},"schema":{"@context":"https:\/\/schema.org","@graph":[{"@type":"WebPage","@id":"https:\/\/postesmayan.com\/en\/treated-wood-posts-malaga\/","url":"https:\/\/postesmayan.com\/en\/treated-wood-posts-malaga\/","name":"\u25b7 Treated Utility Poles Manufacturers | MAYAN \u00ae","isPartOf":{"@id":"https:\/\/postesmayan.com\/en\/#website"},"primaryImageOfPage":{"@id":"https:\/\/postesmayan.com\/en\/treated-wood-posts-malaga\/#primaryimage"},"image":{"@id":"https:\/\/postesmayan.com\/en\/treated-wood-posts-malaga\/#primaryimage"},"thumbnailUrl":"http:\/\/postesmayan.com\/wp-content\/uploads\/2023\/06\/postes-madera-malaga-1.jpg","datePublished":"2023-06-06T15:37:33+00:00","dateModified":"2023-06-15T17:23:08+00:00","description":"Treated wood utility poles manufacturers \u2713 More than 25 years of experience \u2713 Certified quality.","breadcrumb":{"@id":"https:\/\/postesmayan.com\/en\/treated-wood-posts-malaga\/#breadcrumb"},"inLanguage":"en-US","potentialAction":[{"@type":"ReadAction","target":["https:\/\/postesmayan.com\/en\/treated-wood-posts-malaga\/"]}]},{"@type":"ImageObject","inLanguage":"en-US","@id":"https:\/\/postesmayan.com\/en\/treated-wood-posts-malaga\/#primaryimage","url":"http:\/\/postesmayan.com\/wp-content\/uploads\/2023\/06\/postes-madera-malaga-1.jpg","contentUrl":"http:\/\/postesmayan.com\/wp-content\/uploads\/2023\/06\/postes-madera-malaga-1.jpg"},{"@type":"BreadcrumbList","@id":"https:\/\/postesmayan.com\/en\/treated-wood-posts-malaga\/#breadcrumb","itemListElement":[{"@type":"ListItem","position":1,"name":"Portada","item":"https:\/\/postesmayan.com\/en\/"},{"@type":"ListItem","position":2,"name":"Treated wood posts Malaga"}]},{"@type":"WebSite","@id":"https:\/\/postesmayan.com\/en\/#website","url":"https:\/\/postesmayan.com\/en\/","name":"Postes Mayan","description":"","publisher":{"@id":"https:\/\/postesmayan.com\/en\/#organization"},"potentialAction":[{"@type":"SearchAction","target":{"@type":"EntryPoint","urlTemplate":"https:\/\/postesmayan.com\/en\/?s={search_term_string}"},"query-input":{"@type":"PropertyValueSpecification","valueRequired":true,"valueName":"search_term_string"}}],"inLanguage":"en-US"},{"@type":"Organization","@id":"https:\/\/postesmayan.com\/en\/#organization","name":"Postes Mayan","url":"https:\/\/postesmayan.com\/en\/","logo":{"@type":"ImageObject","inLanguage":"en-US","@id":"https:\/\/postesmayan.com\/en\/#\/schema\/logo\/image\/","url":"http:\/\/postesmayan.com\/wp-content\/uploads\/2023\/01\/logo-mayan.png","contentUrl":"http:\/\/postesmayan.com\/wp-content\/uploads\/2023\/01\/logo-mayan.png","width":1497,"height":470,"caption":"Postes Mayan"},"image":{"@id":"https:\/\/postesmayan.com\/en\/#\/schema\/logo\/image\/"}}]}},"_links":{"self":[{"href":"https:\/\/postesmayan.com\/en\/wp-json\/wp\/v2\/pages\/648","targetHints":{"allow":["GET"]}}],"collection":[{"href":"https:\/\/postesmayan.com\/en\/wp-json\/wp\/v2\/pages"}],"about":[{"href":"https:\/\/postesmayan.com\/en\/wp-json\/wp\/v2\/types\/page"}],"author":[{"embeddable":true,"href":"https:\/\/postesmayan.com\/en\/wp-json\/wp\/v2\/users\/1"}],"replies":[{"embeddable":true,"href":"https:\/\/postesmayan.com\/en\/wp-json\/wp\/v2\/comments?post=648"}],"version-history":[{"count":10,"href":"https:\/\/postesmayan.com\/en\/wp-json\/wp\/v2\/pages\/648\/revisions"}],"predecessor-version":[{"id":853,"href":"https:\/\/postesmayan.com\/en\/wp-json\/wp\/v2\/pages\/648\/revisions\/853"}],"wp:attachment":[{"href":"https:\/\/postesmayan.com\/en\/wp-json\/wp\/v2\/media?parent=648"}],"curies":[{"name":"wp","href":"https:\/\/api.w.org\/{rel}","templated":true}]}}